{"id":3878,"date":"2023-01-16T11:37:47","date_gmt":"2023-01-16T10:37:47","guid":{"rendered":"https:\/\/www.imo.it\/a-propos-de-nous\/"},"modified":"2024-04-24T09:50:48","modified_gmt":"2024-04-24T07:50:48","slug":"a-propos-de-nous","status":"publish","type":"page","link":"https:\/\/www.imo.it\/fr\/a-propos-de-nous\/","title":{"rendered":"\u00c0 propos de nous"},"content":{"rendered":"\t\t<div data-elementor-type=\"wp-page\" data-elementor-id=\"3878\" class=\"elementor elementor-3878 elementor-983\" data-elementor-post-type=\"page\">\n\t\t\t\t\t\t<section class=\"elementor-section elementor-top-section elementor-element elementor-element-298997f elementor-section-height-min-height elementor-section-boxed elementor-section-height-default elementor-section-items-middle\" data-id=\"298997f\" data-element_type=\"section\" data-settings=\"{&quot;background_background&quot;:&quot;classic&quot;}\">\n\t\t\t\t\t\t<div class=\"elementor-container elementor-column-gap-default\">\n\t\t\t\t\t<div class=\"elementor-column elementor-col-100 elementor-top-column elementor-element elementor-element-f51cbc9\" data-id=\"f51cbc9\" data-element_type=\"column\" data-settings=\"{&quot;background_background&quot;:&quot;classic&quot;}\">\n\t\t\t<div class=\"elementor-widget-wrap elementor-element-populated\">\n\t\t\t\t\t\t<div class=\"elementor-element elementor-element-cf41d22 elementor-widget elementor-widget-heading\" data-id=\"cf41d22\" data-element_type=\"widget\" data-widget_type=\"heading.default\">\n\t\t\t\t<div class=\"elementor-widget-container\">\n\t\t\t<h1 class=\"elementor-heading-title elementor-size-default\">\u00c0 propos de nous<\/h1>\t\t<\/div>\n\t\t\t\t<\/div>\n\t\t\t\t\t<\/div>\n\t\t<\/div>\n\t\t\t\t\t<\/div>\n\t\t<\/section>\n\t\t\t\t<section class=\"elementor-section elementor-top-section elementor-element elementor-element-d96063c elementor-section-content-top elementor-hidden-desktop elementor-section-boxed elementor-section-height-default elementor-section-height-default\" data-id=\"d96063c\" data-element_type=\"section\" data-settings=\"{&quot;background_background&quot;:&quot;classic&quot;}\">\n\t\t\t\t\t\t<div class=\"elementor-container elementor-column-gap-wider\">\n\t\t\t\t\t<div class=\"elementor-column elementor-col-100 elementor-top-column elementor-element elementor-element-cd5abee\" data-id=\"cd5abee\" data-element_type=\"column\" data-settings=\"{&quot;background_background&quot;:&quot;classic&quot;}\">\n\t\t\t<div class=\"elementor-widget-wrap elementor-element-populated\">\n\t\t\t\t\t\t<div class=\"elementor-element elementor-element-6d07daf udl elementor-widget elementor-widget-heading\" data-id=\"6d07daf\" data-element_type=\"widget\" data-widget_type=\"heading.default\">\n\t\t\t\t<div class=\"elementor-widget-container\">\n\t\t\t<h2 class=\"elementor-heading-title elementor-size-default\">L'ATELIER<\/h2>\t\t<\/div>\n\t\t\t\t<\/div>\n\t\t\t\t\t<\/div>\n\t\t<\/div>\n\t\t\t\t\t<\/div>\n\t\t<\/section>\n\t\t\t\t<section class=\"elementor-section elementor-top-section elementor-element elementor-element-e55985f elementor-section-boxed elementor-section-height-default elementor-section-height-default\" data-id=\"e55985f\" data-element_type=\"section\" data-settings=\"{&quot;background_background&quot;:&quot;classic&quot;}\">\n\t\t\t\t\t\t<div class=\"elementor-container elementor-column-gap-default\">\n\t\t\t\t\t<div class=\"elementor-column elementor-col-50 elementor-top-column elementor-element elementor-element-d395f61 elementor-hidden-mobile elementor-hidden-tablet\" data-id=\"d395f61\" data-element_type=\"column\">\n\t\t\t<div class=\"elementor-widget-wrap\">\n\t\t\t\t\t\t\t<\/div>\n\t\t<\/div>\n\t\t\t\t<div class=\"elementor-column elementor-col-50 elementor-top-column elementor-element elementor-element-7205128\" data-id=\"7205128\" data-element_type=\"column\">\n\t\t\t<div class=\"elementor-widget-wrap elementor-element-populated\">\n\t\t\t\t\t\t<div class=\"elementor-element elementor-element-47d65be elementor-widget elementor-widget-text-editor\" data-id=\"47d65be\" data-element_type=\"widget\" data-widget_type=\"text-editor.default\">\n\t\t\t\t<div class=\"elementor-widget-container\">\n\t\t\t\t\t\t\t<p>Pr\u00e9sent sur le march\u00e9 depuis plus de 50 ans, IMO est sp\u00e9cialis\u00e9 dans la <strong>fourniture de haute joaillerie \u00e0 l\u2019\u00e9chelle internationale<\/strong>.<\/p>\n<p>Outre la <strong>division production<\/strong>, IMO offre \u00e0 ses clients des services de <strong>prototypage rapide, d\u2019\u00e9tude de conception et d\u2019ing\u00e9nierie de produit<\/strong>.<\/p>\n<p><strong>L\u2019exp\u00e9rience<\/strong>, <strong>l\u2019expertise<\/strong>, la <strong>flexibilit\u00e9<\/strong> du service et l\u2019utilisation de technologies d\u2019avant-garde font d\u2019IMO un partenaire solide pour les marques les plus prestigieuses.<\/p>\n<p>IMO offre une continuit\u00e9 \u00e0 tous les stades de la production, en garantissant que l\u2019ensemble du <strong>processus de fabrication est r\u00e9alis\u00e9 en interne, ce qui permet d\u2019assurer un contr\u00f4le qualit\u00e9 pr\u00e9cis<\/strong>.<\/p>\n<p><strong>IMO peut se pr\u00e9valoir des certifications les plus importantes du secteur<\/strong>.<\/p>\n\t\t\t\t\t\t<\/div>\n\t\t\t\t<\/div>\n\t\t\t\t<div class=\"elementor-element elementor-element-4b91bf0 elementor-mobile-align-left elementor-widget elementor-widget-button\" data-id=\"4b91bf0\" data-element_type=\"widget\" data-widget_type=\"button.default\">\n\t\t\t\t<div class=\"elementor-widget-container\">\n\t\t\t\t\t<div class=\"elementor-button-wrapper\">\n\t\t\t<a class=\"elementor-button elementor-button-link elementor-size-lg\" href=\"https:\/\/www.imo.it\/fr\/certifications\/\">\n\t\t\t\t\t\t<span class=\"elementor-button-content-wrapper\">\n\t\t\t\t\t\t<span class=\"elementor-button-icon elementor-align-icon-right\">\n\t\t\t\t<i aria-hidden=\"true\" class=\"fas fa-arrow-right\"><\/i>\t\t\t<\/span>\n\t\t\t\t\t\t\t\t\t<span class=\"elementor-button-text\">Certifications<\/span>\n\t\t\t\t\t<\/span>\n\t\t\t\t\t<\/a>\n\t\t<\/div>\n\t\t\t\t<\/div>\n\t\t\t\t<\/div>\n\t\t\t\t\t<\/div>\n\t\t<\/div>\n\t\t\t\t\t<\/div>\n\t\t<\/section>\n\t\t\t\t<section class=\"elementor-section elementor-top-section elementor-element elementor-element-d043d46 elementor-section-boxed elementor-section-height-default elementor-section-height-default\" data-id=\"d043d46\" data-element_type=\"section\" data-settings=\"{&quot;background_background&quot;:&quot;classic&quot;}\">\n\t\t\t\t\t\t<div class=\"elementor-container elementor-column-gap-default\">\n\t\t\t\t\t<div class=\"elementor-column elementor-col-50 elementor-top-column elementor-element elementor-element-7c1bab8\" data-id=\"7c1bab8\" data-element_type=\"column\">\n\t\t\t<div class=\"elementor-widget-wrap elementor-element-populated\">\n\t\t\t\t\t\t<div class=\"elementor-element elementor-element-f2a821e elementor-widget elementor-widget-image\" data-id=\"f2a821e\" data-element_type=\"widget\" data-widget_type=\"image.default\">\n\t\t\t\t<div class=\"elementor-widget-container\">\n\t\t\t\t\t\t\t\t\t\t\t\t\t<img fetchpriority=\"high\" decoding=\"async\" width=\"1024\" height=\"576\" src=\"https:\/\/www.imo.it\/wp-content\/uploads\/2024\/03\/Chi-siamo-02-1024x576.jpg\" class=\"attachment-large size-large wp-image-3016\" alt=\"\" srcset=\"https:\/\/www.imo.it\/wp-content\/uploads\/2024\/03\/Chi-siamo-02-1024x576.jpg 1024w, https:\/\/www.imo.it\/wp-content\/uploads\/2024\/03\/Chi-siamo-02-300x169.jpg 300w, https:\/\/www.imo.it\/wp-content\/uploads\/2024\/03\/Chi-siamo-02-768x432.jpg 768w, https:\/\/www.imo.it\/wp-content\/uploads\/2024\/03\/Chi-siamo-02-1536x864.jpg 1536w, https:\/\/www.imo.it\/wp-content\/uploads\/2024\/03\/Chi-siamo-02.jpg 1920w\" sizes=\"(max-width: 1024px) 100vw, 1024px\" \/>\t\t\t\t\t\t\t\t\t\t\t\t\t<\/div>\n\t\t\t\t<\/div>\n\t\t\t\t\t<\/div>\n\t\t<\/div>\n\t\t\t\t<div class=\"elementor-column elementor-col-50 elementor-top-column elementor-element elementor-element-09e8727\" data-id=\"09e8727\" data-element_type=\"column\">\n\t\t\t<div class=\"elementor-widget-wrap elementor-element-populated\">\n\t\t\t\t\t\t<div class=\"elementor-element elementor-element-c5f9ce1 elementor-widget elementor-widget-image\" data-id=\"c5f9ce1\" data-element_type=\"widget\" data-widget_type=\"image.default\">\n\t\t\t\t<div class=\"elementor-widget-container\">\n\t\t\t\t\t\t\t\t\t\t\t\t\t<img decoding=\"async\" width=\"1024\" height=\"576\" src=\"https:\/\/www.imo.it\/wp-content\/uploads\/2023\/01\/chi-siamo-2-1024x576.jpg\" class=\"attachment-large size-large wp-image-1374\" alt=\"\" srcset=\"https:\/\/www.imo.it\/wp-content\/uploads\/2023\/01\/chi-siamo-2-1024x576.jpg 1024w, https:\/\/www.imo.it\/wp-content\/uploads\/2023\/01\/chi-siamo-2-300x169.jpg 300w, https:\/\/www.imo.it\/wp-content\/uploads\/2023\/01\/chi-siamo-2-768x432.jpg 768w, https:\/\/www.imo.it\/wp-content\/uploads\/2023\/01\/chi-siamo-2-1536x864.jpg 1536w, https:\/\/www.imo.it\/wp-content\/uploads\/2023\/01\/chi-siamo-2.jpg 1920w\" sizes=\"(max-width: 1024px) 100vw, 1024px\" \/>\t\t\t\t\t\t\t\t\t\t\t\t\t<\/div>\n\t\t\t\t<\/div>\n\t\t\t\t\t<\/div>\n\t\t<\/div>\n\t\t\t\t\t<\/div>\n\t\t<\/section>\n\t\t\t\t<\/div>\n\t\t","protected":false},"excerpt":{"rendered":"<p>\u00c0 propos de nous L&rsquo;ATELIER Pr\u00e9sent sur le march\u00e9 depuis plus de 50 ans, IMO est sp\u00e9cialis\u00e9 dans la fourniture de haute joaillerie \u00e0 l\u2019\u00e9chelle internationale. Outre la division production, IMO offre \u00e0 ses clients des services de prototypage rapide, d\u2019\u00e9tude de conception et d\u2019ing\u00e9nierie de produit. L\u2019exp\u00e9rience, l\u2019expertise, la flexibilit\u00e9 du service et l\u2019utilisation&hellip;<\/p>\n","protected":false},"author":1,"featured_media":0,"parent":0,"menu_order":0,"comment_status":"closed","ping_status":"closed","template":"","meta":{"inline_featured_image":false,"footnotes":""},"class_list":["post-3878","page","type-page","status-publish","hentry"],"yoast_head":"<!-- This site is optimized with the Yoast SEO plugin v22.5 - https:\/\/yoast.com\/wordpress\/plugins\/seo\/ -->\n<title>\u00c0 propos de nous - IMO<\/title>\n<meta name=\"robots\" content=\"index, follow, max-snippet:-1, max-image-preview:large, max-video-preview:-1\" \/>\n<link rel=\"canonical\" href=\"https:\/\/www.imo.it\/fr\/a-propos-de-nous\/\" \/>\n<meta property=\"og:locale\" content=\"fr_FR\" \/>\n<meta property=\"og:type\" content=\"article\" \/>\n<meta property=\"og:title\" content=\"\u00c0 propos de nous - IMO\" \/>\n<meta property=\"og:description\" content=\"\u00c0 propos de nous L&rsquo;ATELIER Pr\u00e9sent sur le march\u00e9 depuis plus de 50 ans, IMO est sp\u00e9cialis\u00e9 dans la fourniture de haute joaillerie \u00e0 l\u2019\u00e9chelle internationale. Outre la division production, IMO offre \u00e0 ses clients des services de prototypage rapide, d\u2019\u00e9tude de conception et d\u2019ing\u00e9nierie de produit. L\u2019exp\u00e9rience, l\u2019expertise, la flexibilit\u00e9 du service et l\u2019utilisation&hellip;\" \/>\n<meta property=\"og:url\" content=\"https:\/\/www.imo.it\/fr\/a-propos-de-nous\/\" \/>\n<meta property=\"og:site_name\" content=\"IMO\" \/>\n<meta property=\"article:modified_time\" content=\"2024-04-24T07:50:48+00:00\" \/>\n<meta property=\"og:image\" content=\"https:\/\/www.imo.it\/wp-content\/uploads\/2024\/03\/Chi-siamo-02-1024x576.jpg\" \/>\n<meta name=\"twitter:card\" content=\"summary_large_image\" \/>\n<meta name=\"twitter:label1\" content=\"Dur\u00e9e de lecture estim\u00e9e\" \/>\n\t<meta name=\"twitter:data1\" content=\"1 minute\" \/>\n<script type=\"application\/ld+json\" class=\"yoast-schema-graph\">{\"@context\":\"https:\/\/schema.org\",\"@graph\":[{\"@type\":\"WebPage\",\"@id\":\"https:\/\/www.imo.it\/fr\/a-propos-de-nous\/\",\"url\":\"https:\/\/www.imo.it\/fr\/a-propos-de-nous\/\",\"name\":\"\u00c0 propos de nous - IMO\",\"isPartOf\":{\"@id\":\"https:\/\/www.imo.it\/fr\/#website\"},\"primaryImageOfPage\":{\"@id\":\"https:\/\/www.imo.it\/fr\/a-propos-de-nous\/#primaryimage\"},\"image\":{\"@id\":\"https:\/\/www.imo.it\/fr\/a-propos-de-nous\/#primaryimage\"},\"thumbnailUrl\":\"https:\/\/www.imo.it\/wp-content\/uploads\/2024\/03\/Chi-siamo-02-1024x576.jpg\",\"datePublished\":\"2023-01-16T10:37:47+00:00\",\"dateModified\":\"2024-04-24T07:50:48+00:00\",\"breadcrumb\":{\"@id\":\"https:\/\/www.imo.it\/fr\/a-propos-de-nous\/#breadcrumb\"},\"inLanguage\":\"fr-FR\",\"potentialAction\":[{\"@type\":\"ReadAction\",\"target\":[\"https:\/\/www.imo.it\/fr\/a-propos-de-nous\/\"]}]},{\"@type\":\"ImageObject\",\"inLanguage\":\"fr-FR\",\"@id\":\"https:\/\/www.imo.it\/fr\/a-propos-de-nous\/#primaryimage\",\"url\":\"https:\/\/www.imo.it\/wp-content\/uploads\/2024\/03\/Chi-siamo-02-1024x576.jpg\",\"contentUrl\":\"https:\/\/www.imo.it\/wp-content\/uploads\/2024\/03\/Chi-siamo-02-1024x576.jpg\"},{\"@type\":\"BreadcrumbList\",\"@id\":\"https:\/\/www.imo.it\/fr\/a-propos-de-nous\/#breadcrumb\",\"itemListElement\":[{\"@type\":\"ListItem\",\"position\":1,\"name\":\"Home\",\"item\":\"https:\/\/www.imo.it\/fr\/home\/\"},{\"@type\":\"ListItem\",\"position\":2,\"name\":\"\u00c0 propos de nous\"}]},{\"@type\":\"WebSite\",\"@id\":\"https:\/\/www.imo.it\/fr\/#website\",\"url\":\"https:\/\/www.imo.it\/fr\/\",\"name\":\"IMO\",\"description\":\"\",\"potentialAction\":[{\"@type\":\"SearchAction\",\"target\":{\"@type\":\"EntryPoint\",\"urlTemplate\":\"https:\/\/www.imo.it\/fr\/?s={search_term_string}\"},\"query-input\":\"required name=search_term_string\"}],\"inLanguage\":\"fr-FR\"}]}<\/script>\n<!-- \/ Yoast SEO plugin. -->","yoast_head_json":{"title":"\u00c0 propos de nous - IMO","robots":{"index":"index","follow":"follow","max-snippet":"max-snippet:-1","max-image-preview":"max-image-preview:large","max-video-preview":"max-video-preview:-1"},"canonical":"https:\/\/www.imo.it\/fr\/a-propos-de-nous\/","og_locale":"fr_FR","og_type":"article","og_title":"\u00c0 propos de nous - IMO","og_description":"\u00c0 propos de nous L&rsquo;ATELIER Pr\u00e9sent sur le march\u00e9 depuis plus de 50 ans, IMO est sp\u00e9cialis\u00e9 dans la fourniture de haute joaillerie \u00e0 l\u2019\u00e9chelle internationale. Outre la division production, IMO offre \u00e0 ses clients des services de prototypage rapide, d\u2019\u00e9tude de conception et d\u2019ing\u00e9nierie de produit. L\u2019exp\u00e9rience, l\u2019expertise, la flexibilit\u00e9 du service et l\u2019utilisation&hellip;","og_url":"https:\/\/www.imo.it\/fr\/a-propos-de-nous\/","og_site_name":"IMO","article_modified_time":"2024-04-24T07:50:48+00:00","og_image":[{"url":"https:\/\/www.imo.it\/wp-content\/uploads\/2024\/03\/Chi-siamo-02-1024x576.jpg"}],"twitter_card":"summary_large_image","twitter_misc":{"Dur\u00e9e de lecture estim\u00e9e":"1 minute"},"schema":{"@context":"https:\/\/schema.org","@graph":[{"@type":"WebPage","@id":"https:\/\/www.imo.it\/fr\/a-propos-de-nous\/","url":"https:\/\/www.imo.it\/fr\/a-propos-de-nous\/","name":"\u00c0 propos de nous - IMO","isPartOf":{"@id":"https:\/\/www.imo.it\/fr\/#website"},"primaryImageOfPage":{"@id":"https:\/\/www.imo.it\/fr\/a-propos-de-nous\/#primaryimage"},"image":{"@id":"https:\/\/www.imo.it\/fr\/a-propos-de-nous\/#primaryimage"},"thumbnailUrl":"https:\/\/www.imo.it\/wp-content\/uploads\/2024\/03\/Chi-siamo-02-1024x576.jpg","datePublished":"2023-01-16T10:37:47+00:00","dateModified":"2024-04-24T07:50:48+00:00","breadcrumb":{"@id":"https:\/\/www.imo.it\/fr\/a-propos-de-nous\/#breadcrumb"},"inLanguage":"fr-FR","potentialAction":[{"@type":"ReadAction","target":["https:\/\/www.imo.it\/fr\/a-propos-de-nous\/"]}]},{"@type":"ImageObject","inLanguage":"fr-FR","@id":"https:\/\/www.imo.it\/fr\/a-propos-de-nous\/#primaryimage","url":"https:\/\/www.imo.it\/wp-content\/uploads\/2024\/03\/Chi-siamo-02-1024x576.jpg","contentUrl":"https:\/\/www.imo.it\/wp-content\/uploads\/2024\/03\/Chi-siamo-02-1024x576.jpg"},{"@type":"BreadcrumbList","@id":"https:\/\/www.imo.it\/fr\/a-propos-de-nous\/#breadcrumb","itemListElement":[{"@type":"ListItem","position":1,"name":"Home","item":"https:\/\/www.imo.it\/fr\/home\/"},{"@type":"ListItem","position":2,"name":"\u00c0 propos de nous"}]},{"@type":"WebSite","@id":"https:\/\/www.imo.it\/fr\/#website","url":"https:\/\/www.imo.it\/fr\/","name":"IMO","description":"","potentialAction":[{"@type":"SearchAction","target":{"@type":"EntryPoint","urlTemplate":"https:\/\/www.imo.it\/fr\/?s={search_term_string}"},"query-input":"required name=search_term_string"}],"inLanguage":"fr-FR"}]}},"_links":{"self":[{"href":"https:\/\/www.imo.it\/fr\/wp-json\/wp\/v2\/pages\/3878","targetHints":{"allow":["GET"]}}],"collection":[{"href":"https:\/\/www.imo.it\/fr\/wp-json\/wp\/v2\/pages"}],"about":[{"href":"https:\/\/www.imo.it\/fr\/wp-json\/wp\/v2\/types\/page"}],"author":[{"embeddable":true,"href":"https:\/\/www.imo.it\/fr\/wp-json\/wp\/v2\/users\/1"}],"replies":[{"embeddable":true,"href":"https:\/\/www.imo.it\/fr\/wp-json\/wp\/v2\/comments?post=3878"}],"version-history":[{"count":7,"href":"https:\/\/www.imo.it\/fr\/wp-json\/wp\/v2\/pages\/3878\/revisions"}],"predecessor-version":[{"id":4108,"href":"https:\/\/www.imo.it\/fr\/wp-json\/wp\/v2\/pages\/3878\/revisions\/4108"}],"wp:attachment":[{"href":"https:\/\/www.imo.it\/fr\/wp-json\/wp\/v2\/media?parent=3878"}],"curies":[{"name":"wp","href":"https:\/\/api.w.org\/{rel}","templated":true}]}}