{"id":3902,"date":"2023-01-13T17:26:05","date_gmt":"2023-01-13T16:26:05","guid":{"rendered":"https:\/\/www.imo.it\/certifications\/"},"modified":"2025-11-10T11:49:35","modified_gmt":"2025-11-10T10:49:35","slug":"certifications","status":"publish","type":"page","link":"https:\/\/www.imo.it\/fr\/certifications\/","title":{"rendered":"Certifications"},"content":{"rendered":"\t\t<div data-elementor-type=\"wp-page\" data-elementor-id=\"3902\" class=\"elementor elementor-3902 elementor-710\" data-elementor-post-type=\"page\">\n\t\t\t\t\t\t<section class=\"elementor-section elementor-top-section elementor-element elementor-element-26f3759 elementor-section-height-min-height elementor-section-boxed elementor-section-height-default elementor-section-items-middle\" data-id=\"26f3759\" data-element_type=\"section\" data-settings=\"{&quot;background_background&quot;:&quot;classic&quot;}\">\n\t\t\t\t\t\t<div class=\"elementor-container elementor-column-gap-default\">\n\t\t\t\t\t<div class=\"elementor-column elementor-col-100 elementor-top-column elementor-element elementor-element-db8c168\" data-id=\"db8c168\" data-element_type=\"column\" data-settings=\"{&quot;background_background&quot;:&quot;classic&quot;}\">\n\t\t\t<div class=\"elementor-widget-wrap elementor-element-populated\">\n\t\t\t\t\t\t<div class=\"elementor-element elementor-element-db6de64 elementor-widget elementor-widget-heading\" data-id=\"db6de64\" data-element_type=\"widget\" data-widget_type=\"heading.default\">\n\t\t\t\t<div class=\"elementor-widget-container\">\n\t\t\t<h1 class=\"elementor-heading-title elementor-size-default\">Certifications<\/h1>\t\t<\/div>\n\t\t\t\t<\/div>\n\t\t\t\t\t<\/div>\n\t\t<\/div>\n\t\t\t\t\t<\/div>\n\t\t<\/section>\n\t\t\t\t<section class=\"elementor-section elementor-top-section elementor-element elementor-element-1bc5f90 elementor-section-content-top elementor-hidden-mobile elementor-hidden-tablet elementor-section-boxed elementor-section-height-default elementor-section-height-default\" data-id=\"1bc5f90\" data-element_type=\"section\" data-settings=\"{&quot;background_background&quot;:&quot;classic&quot;}\">\n\t\t\t\t\t\t<div class=\"elementor-container elementor-column-gap-wider\">\n\t\t\t\t\t<div class=\"elementor-column elementor-col-100 elementor-top-column elementor-element elementor-element-999f5eb\" data-id=\"999f5eb\" data-element_type=\"column\" data-settings=\"{&quot;background_background&quot;:&quot;classic&quot;}\">\n\t\t\t<div class=\"elementor-widget-wrap elementor-element-populated\">\n\t\t\t\t\t\t<div class=\"elementor-element elementor-element-0c18291 udl elementor-widget elementor-widget-heading\" data-id=\"0c18291\" data-element_type=\"widget\" data-widget_type=\"heading.default\">\n\t\t\t\t<div class=\"elementor-widget-container\">\n\t\t\t<h2 class=\"elementor-heading-title elementor-size-default\">CERTIFICATIONS<\/h2>\t\t<\/div>\n\t\t\t\t<\/div>\n\t\t\t\t\t<\/div>\n\t\t<\/div>\n\t\t\t\t\t<\/div>\n\t\t<\/section>\n\t\t\t\t<section class=\"elementor-section elementor-top-section elementor-element elementor-element-54725ba elementor-section-content-top elementor-hidden-desktop elementor-section-boxed elementor-section-height-default elementor-section-height-default\" data-id=\"54725ba\" data-element_type=\"section\" data-settings=\"{&quot;background_background&quot;:&quot;classic&quot;}\">\n\t\t\t\t\t\t<div class=\"elementor-container elementor-column-gap-wider\">\n\t\t\t\t\t<div class=\"elementor-column elementor-col-100 elementor-top-column elementor-element elementor-element-bb72130\" data-id=\"bb72130\" data-element_type=\"column\" data-settings=\"{&quot;background_background&quot;:&quot;classic&quot;}\">\n\t\t\t<div class=\"elementor-widget-wrap elementor-element-populated\">\n\t\t\t\t\t\t<div class=\"elementor-element elementor-element-1ea647e udl elementor-widget elementor-widget-heading\" data-id=\"1ea647e\" data-element_type=\"widget\" data-widget_type=\"heading.default\">\n\t\t\t\t<div class=\"elementor-widget-container\">\n\t\t\t<h2 class=\"elementor-heading-title elementor-size-default\">CERTIFICATIONS\n<\/h2>\t\t<\/div>\n\t\t\t\t<\/div>\n\t\t\t\t\t<\/div>\n\t\t<\/div>\n\t\t\t\t\t<\/div>\n\t\t<\/section>\n\t\t\t\t<section class=\"elementor-section elementor-top-section elementor-element elementor-element-9548140 elementor-section-boxed elementor-section-height-default elementor-section-height-default\" data-id=\"9548140\" data-element_type=\"section\" data-settings=\"{&quot;background_background&quot;:&quot;classic&quot;}\">\n\t\t\t\t\t\t<div class=\"elementor-container elementor-column-gap-default\">\n\t\t\t\t\t<div class=\"elementor-column elementor-col-50 elementor-top-column elementor-element elementor-element-7c3071c elementor-hidden-mobile elementor-hidden-tablet\" data-id=\"7c3071c\" data-element_type=\"column\">\n\t\t\t<div class=\"elementor-widget-wrap\">\n\t\t\t\t\t\t\t<\/div>\n\t\t<\/div>\n\t\t\t\t<div class=\"elementor-column elementor-col-50 elementor-top-column elementor-element elementor-element-8d44f84\" data-id=\"8d44f84\" data-element_type=\"column\">\n\t\t\t<div class=\"elementor-widget-wrap elementor-element-populated\">\n\t\t\t\t\t\t<div class=\"elementor-element elementor-element-bdf9879 elementor-widget elementor-widget-image\" data-id=\"bdf9879\" data-element_type=\"widget\" data-widget_type=\"image.default\">\n\t\t\t\t<div class=\"elementor-widget-container\">\n\t\t\t\t\t\t\t\t\t\t\t\t\t\t<a href=\"https:\/\/www.responsiblejewellery.com\/\" target=\"_blank\">\n\t\t\t\t\t\t\t<img fetchpriority=\"high\" decoding=\"async\" width=\"1024\" height=\"362\" src=\"https:\/\/www.imo.it\/wp-content\/uploads\/2023\/01\/RESPONSIBLE-JEWELLERY-COUNCIL-oro.svg\" class=\"attachment-large size-large wp-image-885\" alt=\"\" \/>\t\t\t\t\t\t\t\t<\/a>\n\t\t\t\t\t\t\t\t\t\t\t\t\t<\/div>\n\t\t\t\t<\/div>\n\t\t\t\t<div class=\"elementor-element elementor-element-47b1216 elementor-widget elementor-widget-text-editor\" data-id=\"47b1216\" data-element_type=\"widget\" data-widget_type=\"text-editor.default\">\n\t\t\t\t<div class=\"elementor-widget-container\">\n\t\t\t\t\t\t\t<strong>Conseil de la bijouterie responsable (RJC)<\/strong>\n\n<strong>COP (Code de pratique)<\/strong><br><br><strong>COC (Cha\u00eene de contr\u00f4le)<\/strong>\t\t\t\t\t\t<\/div>\n\t\t\t\t<\/div>\n\t\t\t\t<div class=\"elementor-element elementor-element-e425d02 elementor-widget elementor-widget-text-editor\" data-id=\"e425d02\" data-element_type=\"widget\" data-widget_type=\"text-editor.default\">\n\t\t\t\t<div class=\"elementor-widget-container\">\n\t\t\t\t\t\t\t<p>En 2016, notre entreprise a \u00e9t\u00e9 accr\u00e9dit\u00e9e par le <strong>Responsible Jewellery Council<\/strong> (COP et COC), qui certifie la mise en \u0153uvre de pratiques responsables d\u2019un point de vue \u00e9thique, social et environnemental et garantit la provenance de l\u2019or. L\u2019\u00e9thique est une valeur qui a toujours caract\u00e9ris\u00e9 le comportement d\u2019IMO. Gr\u00e2ce \u00e0 ces certifications, une pratique d\u00e9j\u00e0 \u00e9tablie est \u00e9galement officiellement reconnue.<\/p>\n\t\t\t\t\t\t<\/div>\n\t\t\t\t<\/div>\n\t\t\t\t<section class=\"elementor-section elementor-inner-section elementor-element elementor-element-eb5fd17 elementor-section-boxed elementor-section-height-default elementor-section-height-default\" data-id=\"eb5fd17\" data-element_type=\"section\">\n\t\t\t\t\t\t<div class=\"elementor-container elementor-column-gap-default\">\n\t\t\t\t\t<div class=\"elementor-column elementor-col-33 elementor-inner-column elementor-element elementor-element-0338042\" data-id=\"0338042\" data-element_type=\"column\">\n\t\t\t<div class=\"elementor-widget-wrap elementor-element-populated\">\n\t\t\t\t\t\t<div class=\"elementor-element elementor-element-0a8a53f elementor-mobile-align-left elementor-align-justify elementor-widget elementor-widget-button\" data-id=\"0a8a53f\" data-element_type=\"widget\" data-widget_type=\"button.default\">\n\t\t\t\t<div class=\"elementor-widget-container\">\n\t\t\t\t\t<div class=\"elementor-button-wrapper\">\n\t\t\t<a class=\"elementor-button elementor-button-link elementor-size-lg\" href=\"https:\/\/www.responsiblejewellery.com\/member\/imo-s-r-l\/\" target=\"_blank\">\n\t\t\t\t\t\t<span class=\"elementor-button-content-wrapper\">\n\t\t\t\t\t\t<span class=\"elementor-button-icon elementor-align-icon-right\">\n\t\t\t\t<i aria-hidden=\"true\" class=\"fas fa-arrow-right\"><\/i>\t\t\t<\/span>\n\t\t\t\t\t\t\t\t\t<span class=\"elementor-button-text\">Link<\/span>\n\t\t\t\t\t<\/span>\n\t\t\t\t\t<\/a>\n\t\t<\/div>\n\t\t\t\t<\/div>\n\t\t\t\t<\/div>\n\t\t\t\t\t<\/div>\n\t\t<\/div>\n\t\t\t\t<div class=\"elementor-column elementor-col-33 elementor-inner-column elementor-element elementor-element-db0ce71\" data-id=\"db0ce71\" data-element_type=\"column\">\n\t\t\t<div class=\"elementor-widget-wrap elementor-element-populated\">\n\t\t\t\t\t\t<div class=\"elementor-element elementor-element-9fc7dcd elementor-mobile-align-left elementor-align-justify elementor-widget elementor-widget-button\" data-id=\"9fc7dcd\" data-element_type=\"widget\" data-widget_type=\"button.default\">\n\t\t\t\t<div class=\"elementor-widget-container\">\n\t\t\t\t\t<div class=\"elementor-button-wrapper\">\n\t\t\t<a class=\"elementor-button elementor-button-link elementor-size-lg\" href=\"https:\/\/www.imo.it\/wp-content\/uploads\/2025\/11\/Supply-Chain-Policy_03.pdf\" target=\"_blank\">\n\t\t\t\t\t\t<span class=\"elementor-button-content-wrapper\">\n\t\t\t\t\t\t<span class=\"elementor-button-icon elementor-align-icon-right\">\n\t\t\t\t<i aria-hidden=\"true\" class=\"fas fa-arrow-right\"><\/i>\t\t\t<\/span>\n\t\t\t\t\t\t\t\t\t<span class=\"elementor-button-text\">Policy<\/span>\n\t\t\t\t\t<\/span>\n\t\t\t\t\t<\/a>\n\t\t<\/div>\n\t\t\t\t<\/div>\n\t\t\t\t<\/div>\n\t\t\t\t\t<\/div>\n\t\t<\/div>\n\t\t\t\t<div class=\"elementor-column elementor-col-33 elementor-inner-column elementor-element elementor-element-dc7a493\" data-id=\"dc7a493\" data-element_type=\"column\">\n\t\t\t<div class=\"elementor-widget-wrap elementor-element-populated\">\n\t\t\t\t\t\t<div class=\"elementor-element elementor-element-55bcf31 elementor-mobile-align-left elementor-align-justify elementor-widget elementor-widget-button\" data-id=\"55bcf31\" data-element_type=\"widget\" data-widget_type=\"button.default\">\n\t\t\t\t<div class=\"elementor-widget-container\">\n\t\t\t\t\t<div class=\"elementor-button-wrapper\">\n\t\t\t<a class=\"elementor-button elementor-button-link elementor-size-lg\" href=\"https:\/\/www.imo.it\/wp-content\/uploads\/2025\/11\/Report-annuale_03.pdf\" target=\"_blank\">\n\t\t\t\t\t\t<span class=\"elementor-button-content-wrapper\">\n\t\t\t\t\t\t<span class=\"elementor-button-icon elementor-align-icon-right\">\n\t\t\t\t<i aria-hidden=\"true\" class=\"fas fa-arrow-right\"><\/i>\t\t\t<\/span>\n\t\t\t\t\t\t\t\t\t<span class=\"elementor-button-text\">Report<\/span>\n\t\t\t\t\t<\/span>\n\t\t\t\t\t<\/a>\n\t\t<\/div>\n\t\t\t\t<\/div>\n\t\t\t\t<\/div>\n\t\t\t\t\t<\/div>\n\t\t<\/div>\n\t\t\t\t\t<\/div>\n\t\t<\/section>\n\t\t\t\t<div class=\"elementor-element elementor-element-1f50c3a elementor-widget-divider--view-line elementor-widget elementor-widget-divider\" data-id=\"1f50c3a\" data-element_type=\"widget\" data-widget_type=\"divider.default\">\n\t\t\t\t<div class=\"elementor-widget-container\">\n\t\t\t\t\t<div class=\"elementor-divider\">\n\t\t\t<span class=\"elementor-divider-separator\">\n\t\t\t\t\t\t<\/span>\n\t\t<\/div>\n\t\t\t\t<\/div>\n\t\t\t\t<\/div>\n\t\t\t\t<div class=\"elementor-element elementor-element-d837d13 elementor-widget elementor-widget-text-editor\" data-id=\"d837d13\" data-element_type=\"widget\" data-widget_type=\"text-editor.default\">\n\t\t\t\t<div class=\"elementor-widget-container\">\n\t\t\t\t\t\t\t<p><strong>Certification suppl\u00e9mentaire du titre<\/strong><\/p>\n\t\t\t\t\t\t<\/div>\n\t\t\t\t<\/div>\n\t\t\t\t<div class=\"elementor-element elementor-element-8c1b3d7 elementor-widget elementor-widget-text-editor\" data-id=\"8c1b3d7\" data-element_type=\"widget\" data-widget_type=\"text-editor.default\">\n\t\t\t\t<div class=\"elementor-widget-container\">\n\t\t\t\t\t\t\t<p>Nous prot\u00e9geons \u00e9galement nos clients au moyen d&rsquo;une certification de titre suppl\u00e9mentaire, afin de garantir la conformit\u00e9 de nos produits (marques et titres l\u00e9gaux) avec la l\u00e9gislation en vigueur.<\/p>\n<p>Gr\u00e2ce \u00e0 des audits p\u00e9riodiques, elle est renouvel\u00e9e d&rsquo;ann\u00e9e en ann\u00e9e.<\/p>\n\t\t\t\t\t\t<\/div>\n\t\t\t\t<\/div>\n\t\t\t\t<section class=\"elementor-section elementor-inner-section elementor-element elementor-element-dbed06b elementor-section-boxed elementor-section-height-default elementor-section-height-default\" data-id=\"dbed06b\" data-element_type=\"section\">\n\t\t\t\t\t\t<div class=\"elementor-container elementor-column-gap-default\">\n\t\t\t\t\t<div class=\"elementor-column elementor-col-50 elementor-inner-column elementor-element elementor-element-b138c82\" data-id=\"b138c82\" data-element_type=\"column\">\n\t\t\t<div class=\"elementor-widget-wrap elementor-element-populated\">\n\t\t\t\t\t\t<div class=\"elementor-element elementor-element-6ce7827 elementor-mobile-align-left elementor-align-justify elementor-widget elementor-widget-button\" data-id=\"6ce7827\" data-element_type=\"widget\" data-widget_type=\"button.default\">\n\t\t\t\t<div class=\"elementor-widget-container\">\n\t\t\t\t\t<div class=\"elementor-button-wrapper\">\n\t\t\t<a class=\"elementor-button elementor-button-link elementor-size-lg\" href=\"https:\/\/madeinvicenza.it\/it\/laboratorio-saggio-metalli-preziosi\/servizi\/certificazione-aggiuntiva-del-titolo\" target=\"_blank\">\n\t\t\t\t\t\t<span class=\"elementor-button-content-wrapper\">\n\t\t\t\t\t\t<span class=\"elementor-button-icon elementor-align-icon-right\">\n\t\t\t\t<i aria-hidden=\"true\" class=\"fas fa-arrow-right\"><\/i>\t\t\t<\/span>\n\t\t\t\t\t\t\t\t\t<span class=\"elementor-button-text\">Link<\/span>\n\t\t\t\t\t<\/span>\n\t\t\t\t\t<\/a>\n\t\t<\/div>\n\t\t\t\t<\/div>\n\t\t\t\t<\/div>\n\t\t\t\t\t<\/div>\n\t\t<\/div>\n\t\t\t\t<div class=\"elementor-column elementor-col-50 elementor-inner-column elementor-element elementor-element-077ecf0\" data-id=\"077ecf0\" data-element_type=\"column\">\n\t\t\t<div class=\"elementor-widget-wrap elementor-element-populated\">\n\t\t\t\t\t\t<div class=\"elementor-element elementor-element-f3e4fcf elementor-mobile-align-left elementor-align-justify elementor-widget elementor-widget-button\" data-id=\"f3e4fcf\" data-element_type=\"widget\" data-widget_type=\"button.default\">\n\t\t\t\t<div class=\"elementor-widget-container\">\n\t\t\t\t\t<div class=\"elementor-button-wrapper\">\n\t\t\t<a class=\"elementor-button elementor-button-link elementor-size-lg\" href=\"https:\/\/www.imo.it\/wp-content\/uploads\/2025\/11\/12_Certificato_2024_I.M.O.-S.r.L._Certificazione_Aggiuntiva.pdf\" target=\"_blank\">\n\t\t\t\t\t\t<span class=\"elementor-button-content-wrapper\">\n\t\t\t\t\t\t<span class=\"elementor-button-icon elementor-align-icon-right\">\n\t\t\t\t<i aria-hidden=\"true\" class=\"fas fa-arrow-right\"><\/i>\t\t\t<\/span>\n\t\t\t\t\t\t\t\t\t<span class=\"elementor-button-text\">Certifications<\/span>\n\t\t\t\t\t<\/span>\n\t\t\t\t\t<\/a>\n\t\t<\/div>\n\t\t\t\t<\/div>\n\t\t\t\t<\/div>\n\t\t\t\t\t<\/div>\n\t\t<\/div>\n\t\t\t\t\t<\/div>\n\t\t<\/section>\n\t\t\t\t\t<\/div>\n\t\t<\/div>\n\t\t\t\t\t<\/div>\n\t\t<\/section>\n\t\t\t\t<\/div>\n\t\t","protected":false},"excerpt":{"rendered":"<p>Certifications CERTIFICATIONS CERTIFICATIONS Conseil de la bijouterie responsable (RJC) COP (Code de pratique) COC (Cha\u00eene de contr\u00f4le) En 2016, notre entreprise a \u00e9t\u00e9 accr\u00e9dit\u00e9e par le Responsible Jewellery Council (COP et COC), qui certifie la mise en \u0153uvre de pratiques responsables d\u2019un point de vue \u00e9thique, social et environnemental et garantit la provenance de l\u2019or.&hellip;<\/p>\n","protected":false},"author":1,"featured_media":0,"parent":0,"menu_order":0,"comment_status":"closed","ping_status":"closed","template":"","meta":{"inline_featured_image":false,"footnotes":""},"class_list":["post-3902","page","type-page","status-publish","hentry"],"yoast_head":"<!-- This site is optimized with the Yoast SEO plugin v22.5 - https:\/\/yoast.com\/wordpress\/plugins\/seo\/ -->\n<title>Certifications - IMO<\/title>\n<meta name=\"robots\" content=\"index, follow, max-snippet:-1, max-image-preview:large, max-video-preview:-1\" \/>\n<link rel=\"canonical\" href=\"https:\/\/www.imo.it\/fr\/certifications\/\" \/>\n<meta property=\"og:locale\" content=\"fr_FR\" \/>\n<meta property=\"og:type\" content=\"article\" \/>\n<meta property=\"og:title\" content=\"Certifications - IMO\" \/>\n<meta property=\"og:description\" content=\"Certifications CERTIFICATIONS CERTIFICATIONS Conseil de la bijouterie responsable (RJC) COP (Code de pratique) COC (Cha\u00eene de contr\u00f4le) En 2016, notre entreprise a \u00e9t\u00e9 accr\u00e9dit\u00e9e par le Responsible Jewellery Council (COP et COC), qui certifie la mise en \u0153uvre de pratiques responsables d\u2019un point de vue \u00e9thique, social et environnemental et garantit la provenance de l\u2019or.&hellip;\" \/>\n<meta property=\"og:url\" content=\"https:\/\/www.imo.it\/fr\/certifications\/\" \/>\n<meta property=\"og:site_name\" content=\"IMO\" \/>\n<meta property=\"article:modified_time\" content=\"2025-11-10T10:49:35+00:00\" \/>\n<meta property=\"og:image\" content=\"https:\/\/www.imo.it\/wp-content\/uploads\/2023\/01\/RESPONSIBLE-JEWELLERY-COUNCIL-oro.svg\" \/>\n<meta name=\"twitter:card\" content=\"summary_large_image\" \/>\n<meta name=\"twitter:label1\" content=\"Dur\u00e9e de lecture estim\u00e9e\" \/>\n\t<meta name=\"twitter:data1\" content=\"1 minute\" \/>\n<script type=\"application\/ld+json\" class=\"yoast-schema-graph\">{\"@context\":\"https:\/\/schema.org\",\"@graph\":[{\"@type\":\"WebPage\",\"@id\":\"https:\/\/www.imo.it\/fr\/certifications\/\",\"url\":\"https:\/\/www.imo.it\/fr\/certifications\/\",\"name\":\"Certifications - IMO\",\"isPartOf\":{\"@id\":\"https:\/\/www.imo.it\/fr\/#website\"},\"primaryImageOfPage\":{\"@id\":\"https:\/\/www.imo.it\/fr\/certifications\/#primaryimage\"},\"image\":{\"@id\":\"https:\/\/www.imo.it\/fr\/certifications\/#primaryimage\"},\"thumbnailUrl\":\"https:\/\/www.imo.it\/wp-content\/uploads\/2023\/01\/RESPONSIBLE-JEWELLERY-COUNCIL-oro.svg\",\"datePublished\":\"2023-01-13T16:26:05+00:00\",\"dateModified\":\"2025-11-10T10:49:35+00:00\",\"breadcrumb\":{\"@id\":\"https:\/\/www.imo.it\/fr\/certifications\/#breadcrumb\"},\"inLanguage\":\"fr-FR\",\"potentialAction\":[{\"@type\":\"ReadAction\",\"target\":[\"https:\/\/www.imo.it\/fr\/certifications\/\"]}]},{\"@type\":\"ImageObject\",\"inLanguage\":\"fr-FR\",\"@id\":\"https:\/\/www.imo.it\/fr\/certifications\/#primaryimage\",\"url\":\"https:\/\/www.imo.it\/wp-content\/uploads\/2023\/01\/RESPONSIBLE-JEWELLERY-COUNCIL-oro.svg\",\"contentUrl\":\"https:\/\/www.imo.it\/wp-content\/uploads\/2023\/01\/RESPONSIBLE-JEWELLERY-COUNCIL-oro.svg\"},{\"@type\":\"BreadcrumbList\",\"@id\":\"https:\/\/www.imo.it\/fr\/certifications\/#breadcrumb\",\"itemListElement\":[{\"@type\":\"ListItem\",\"position\":1,\"name\":\"Home\",\"item\":\"https:\/\/www.imo.it\/fr\/home\/\"},{\"@type\":\"ListItem\",\"position\":2,\"name\":\"Certifications\"}]},{\"@type\":\"WebSite\",\"@id\":\"https:\/\/www.imo.it\/fr\/#website\",\"url\":\"https:\/\/www.imo.it\/fr\/\",\"name\":\"IMO\",\"description\":\"\",\"potentialAction\":[{\"@type\":\"SearchAction\",\"target\":{\"@type\":\"EntryPoint\",\"urlTemplate\":\"https:\/\/www.imo.it\/fr\/?s={search_term_string}\"},\"query-input\":\"required name=search_term_string\"}],\"inLanguage\":\"fr-FR\"}]}<\/script>\n<!-- \/ Yoast SEO plugin. -->","yoast_head_json":{"title":"Certifications - IMO","robots":{"index":"index","follow":"follow","max-snippet":"max-snippet:-1","max-image-preview":"max-image-preview:large","max-video-preview":"max-video-preview:-1"},"canonical":"https:\/\/www.imo.it\/fr\/certifications\/","og_locale":"fr_FR","og_type":"article","og_title":"Certifications - IMO","og_description":"Certifications CERTIFICATIONS CERTIFICATIONS Conseil de la bijouterie responsable (RJC) COP (Code de pratique) COC (Cha\u00eene de contr\u00f4le) En 2016, notre entreprise a \u00e9t\u00e9 accr\u00e9dit\u00e9e par le Responsible Jewellery Council (COP et COC), qui certifie la mise en \u0153uvre de pratiques responsables d\u2019un point de vue \u00e9thique, social et environnemental et garantit la provenance de l\u2019or.&hellip;","og_url":"https:\/\/www.imo.it\/fr\/certifications\/","og_site_name":"IMO","article_modified_time":"2025-11-10T10:49:35+00:00","og_image":[{"url":"https:\/\/www.imo.it\/wp-content\/uploads\/2023\/01\/RESPONSIBLE-JEWELLERY-COUNCIL-oro.svg"}],"twitter_card":"summary_large_image","twitter_misc":{"Dur\u00e9e de lecture estim\u00e9e":"1 minute"},"schema":{"@context":"https:\/\/schema.org","@graph":[{"@type":"WebPage","@id":"https:\/\/www.imo.it\/fr\/certifications\/","url":"https:\/\/www.imo.it\/fr\/certifications\/","name":"Certifications - IMO","isPartOf":{"@id":"https:\/\/www.imo.it\/fr\/#website"},"primaryImageOfPage":{"@id":"https:\/\/www.imo.it\/fr\/certifications\/#primaryimage"},"image":{"@id":"https:\/\/www.imo.it\/fr\/certifications\/#primaryimage"},"thumbnailUrl":"https:\/\/www.imo.it\/wp-content\/uploads\/2023\/01\/RESPONSIBLE-JEWELLERY-COUNCIL-oro.svg","datePublished":"2023-01-13T16:26:05+00:00","dateModified":"2025-11-10T10:49:35+00:00","breadcrumb":{"@id":"https:\/\/www.imo.it\/fr\/certifications\/#breadcrumb"},"inLanguage":"fr-FR","potentialAction":[{"@type":"ReadAction","target":["https:\/\/www.imo.it\/fr\/certifications\/"]}]},{"@type":"ImageObject","inLanguage":"fr-FR","@id":"https:\/\/www.imo.it\/fr\/certifications\/#primaryimage","url":"https:\/\/www.imo.it\/wp-content\/uploads\/2023\/01\/RESPONSIBLE-JEWELLERY-COUNCIL-oro.svg","contentUrl":"https:\/\/www.imo.it\/wp-content\/uploads\/2023\/01\/RESPONSIBLE-JEWELLERY-COUNCIL-oro.svg"},{"@type":"BreadcrumbList","@id":"https:\/\/www.imo.it\/fr\/certifications\/#breadcrumb","itemListElement":[{"@type":"ListItem","position":1,"name":"Home","item":"https:\/\/www.imo.it\/fr\/home\/"},{"@type":"ListItem","position":2,"name":"Certifications"}]},{"@type":"WebSite","@id":"https:\/\/www.imo.it\/fr\/#website","url":"https:\/\/www.imo.it\/fr\/","name":"IMO","description":"","potentialAction":[{"@type":"SearchAction","target":{"@type":"EntryPoint","urlTemplate":"https:\/\/www.imo.it\/fr\/?s={search_term_string}"},"query-input":"required name=search_term_string"}],"inLanguage":"fr-FR"}]}},"_links":{"self":[{"href":"https:\/\/www.imo.it\/fr\/wp-json\/wp\/v2\/pages\/3902","targetHints":{"allow":["GET"]}}],"collection":[{"href":"https:\/\/www.imo.it\/fr\/wp-json\/wp\/v2\/pages"}],"about":[{"href":"https:\/\/www.imo.it\/fr\/wp-json\/wp\/v2\/types\/page"}],"author":[{"embeddable":true,"href":"https:\/\/www.imo.it\/fr\/wp-json\/wp\/v2\/users\/1"}],"replies":[{"embeddable":true,"href":"https:\/\/www.imo.it\/fr\/wp-json\/wp\/v2\/comments?post=3902"}],"version-history":[{"count":6,"href":"https:\/\/www.imo.it\/fr\/wp-json\/wp\/v2\/pages\/3902\/revisions"}],"predecessor-version":[{"id":4159,"href":"https:\/\/www.imo.it\/fr\/wp-json\/wp\/v2\/pages\/3902\/revisions\/4159"}],"wp:attachment":[{"href":"https:\/\/www.imo.it\/fr\/wp-json\/wp\/v2\/media?parent=3902"}],"curies":[{"name":"wp","href":"https:\/\/api.w.org\/{rel}","templated":true}]}}